{"id":21,"date":"2021-01-17T15:42:47","date_gmt":"2021-01-17T15:42:47","guid":{"rendered":"https:\/\/experthive.hivepress.io\/?page_id=21"},"modified":"2024-12-18T16:00:54","modified_gmt":"2024-12-18T15:00:54","slug":"requests","status":"publish","type":"page","link":"https:\/\/www.livelyway.com\/experts\/requests\/","title":{"rendered":"Requests"},"content":{"rendered":"","protected":false},"excerpt":{"rendered":"","protected":false},"author":1,"featured_media":0,"parent":0,"menu_order":0,"comment_status":"closed","ping_status":"closed","template":"","meta":{"footnotes":""},"class_list":["post-21","page","type-page","status-publish","hentry"],"yoast_head":"<!-- This site is optimized with the Yoast SEO plugin v27.3 - https:\/\/yoast.com\/product\/yoast-seo-wordpress\/ -->\n<title>Requests - Livelyway<\/title>\n<meta name=\"description\" content=\"Faites appel \u00e0 des experts bien-\u00eatre de proximit\u00e9. Cr\u00e9ez une demande de prestation de services pour entrer en contact avec un professionnel.\" \/>\n<meta name=\"robots\" content=\"index, follow, max-snippet:-1, max-image-preview:large, max-video-preview:-1\" \/>\n<link rel=\"canonical\" href=\"https:\/\/www.livelyway.com\/experts\/requests\/\" \/>\n<meta property=\"og:locale\" content=\"fr_FR\" \/>\n<meta property=\"og:type\" content=\"article\" \/>\n<meta property=\"og:title\" content=\"Requests - Livelyway\" \/>\n<meta property=\"og:description\" content=\"Faites appel \u00e0 des experts bien-\u00eatre de proximit\u00e9. Cr\u00e9ez une demande de prestation de services pour entrer en contact avec un professionnel.\" \/>\n<meta property=\"og:url\" content=\"https:\/\/www.livelyway.com\/experts\/requests\/\" \/>\n<meta property=\"og:site_name\" content=\"Livelyway\" \/>\n<meta property=\"article:modified_time\" content=\"2024-12-18T15:00:54+00:00\" \/>\n<meta name=\"twitter:card\" content=\"summary_large_image\" \/>\n<script type=\"application\/ld+json\" class=\"yoast-schema-graph\">{\"@context\":\"https:\\\/\\\/schema.org\",\"@graph\":[{\"@type\":\"WebPage\",\"@id\":\"https:\\\/\\\/www.livelyway.com\\\/experts\\\/requests\\\/\",\"url\":\"https:\\\/\\\/www.livelyway.com\\\/experts\\\/requests\\\/\",\"name\":\"Requests - Livelyway\",\"isPartOf\":{\"@id\":\"https:\\\/\\\/www.livelyway.com\\\/experts\\\/#website\"},\"datePublished\":\"2021-01-17T15:42:47+00:00\",\"dateModified\":\"2024-12-18T15:00:54+00:00\",\"description\":\"Faites appel \u00e0 des experts bien-\u00eatre de proximit\u00e9. Cr\u00e9ez une demande de prestation de services pour entrer en contact avec un professionnel.\",\"breadcrumb\":{\"@id\":\"https:\\\/\\\/www.livelyway.com\\\/experts\\\/requests\\\/#breadcrumb\"},\"inLanguage\":\"fr-FR\",\"potentialAction\":[{\"@type\":\"ReadAction\",\"target\":[\"https:\\\/\\\/www.livelyway.com\\\/experts\\\/requests\\\/\"]}]},{\"@type\":\"BreadcrumbList\",\"@id\":\"https:\\\/\\\/www.livelyway.com\\\/experts\\\/requests\\\/#breadcrumb\",\"itemListElement\":[{\"@type\":\"ListItem\",\"position\":1,\"name\":\"Accueil\",\"item\":\"https:\\\/\\\/www.livelyway.com\\\/experts\\\/\"},{\"@type\":\"ListItem\",\"position\":2,\"name\":\"Requests\"}]},{\"@type\":\"WebSite\",\"@id\":\"https:\\\/\\\/www.livelyway.com\\\/experts\\\/#website\",\"url\":\"https:\\\/\\\/www.livelyway.com\\\/experts\\\/\",\"name\":\"Livelyway - Annuaire Bien-\u00eatre\",\"description\":\"Annuaire des professionnels du bien-\u00eatre - Belgique &amp; France\",\"publisher\":{\"@id\":\"https:\\\/\\\/www.livelyway.com\\\/experts\\\/#organization\"},\"potentialAction\":[{\"@type\":\"SearchAction\",\"target\":{\"@type\":\"EntryPoint\",\"urlTemplate\":\"https:\\\/\\\/www.livelyway.com\\\/experts\\\/?s={search_term_string}\"},\"query-input\":{\"@type\":\"PropertyValueSpecification\",\"valueRequired\":true,\"valueName\":\"search_term_string\"}}],\"inLanguage\":\"fr-FR\"},{\"@type\":\"Organization\",\"@id\":\"https:\\\/\\\/www.livelyway.com\\\/experts\\\/#organization\",\"name\":\"Livelyway - Annuaire des professionnels du bien-\u00eatre\",\"alternateName\":\"Livelyway\",\"url\":\"https:\\\/\\\/www.livelyway.com\\\/experts\\\/\",\"logo\":{\"@type\":\"ImageObject\",\"inLanguage\":\"fr-FR\",\"@id\":\"https:\\\/\\\/www.livelyway.com\\\/experts\\\/#\\\/schema\\\/logo\\\/image\\\/\",\"url\":\"https:\\\/\\\/www.livelyway.com\\\/experts\\\/wp-content\\\/uploads\\\/2024\\\/12\\\/livelyway-logo.png\",\"contentUrl\":\"https:\\\/\\\/www.livelyway.com\\\/experts\\\/wp-content\\\/uploads\\\/2024\\\/12\\\/livelyway-logo.png\",\"width\":237,\"height\":92,\"caption\":\"Livelyway - Annuaire des professionnels du bien-\u00eatre\"},\"image\":{\"@id\":\"https:\\\/\\\/www.livelyway.com\\\/experts\\\/#\\\/schema\\\/logo\\\/image\\\/\"}}]}<\/script>\n<!-- \/ Yoast SEO plugin. -->","yoast_head_json":{"title":"Requests - Livelyway","description":"Faites appel \u00e0 des experts bien-\u00eatre de proximit\u00e9. Cr\u00e9ez une demande de prestation de services pour entrer en contact avec un professionnel.","robots":{"index":"index","follow":"follow","max-snippet":"max-snippet:-1","max-image-preview":"max-image-preview:large","max-video-preview":"max-video-preview:-1"},"canonical":"https:\/\/www.livelyway.com\/experts\/requests\/","og_locale":"fr_FR","og_type":"article","og_title":"Requests - Livelyway","og_description":"Faites appel \u00e0 des experts bien-\u00eatre de proximit\u00e9. Cr\u00e9ez une demande de prestation de services pour entrer en contact avec un professionnel.","og_url":"https:\/\/www.livelyway.com\/experts\/requests\/","og_site_name":"Livelyway","article_modified_time":"2024-12-18T15:00:54+00:00","twitter_card":"summary_large_image","schema":{"@context":"https:\/\/schema.org","@graph":[{"@type":"WebPage","@id":"https:\/\/www.livelyway.com\/experts\/requests\/","url":"https:\/\/www.livelyway.com\/experts\/requests\/","name":"Requests - Livelyway","isPartOf":{"@id":"https:\/\/www.livelyway.com\/experts\/#website"},"datePublished":"2021-01-17T15:42:47+00:00","dateModified":"2024-12-18T15:00:54+00:00","description":"Faites appel \u00e0 des experts bien-\u00eatre de proximit\u00e9. Cr\u00e9ez une demande de prestation de services pour entrer en contact avec un professionnel.","breadcrumb":{"@id":"https:\/\/www.livelyway.com\/experts\/requests\/#breadcrumb"},"inLanguage":"fr-FR","potentialAction":[{"@type":"ReadAction","target":["https:\/\/www.livelyway.com\/experts\/requests\/"]}]},{"@type":"BreadcrumbList","@id":"https:\/\/www.livelyway.com\/experts\/requests\/#breadcrumb","itemListElement":[{"@type":"ListItem","position":1,"name":"Accueil","item":"https:\/\/www.livelyway.com\/experts\/"},{"@type":"ListItem","position":2,"name":"Requests"}]},{"@type":"WebSite","@id":"https:\/\/www.livelyway.com\/experts\/#website","url":"https:\/\/www.livelyway.com\/experts\/","name":"Livelyway - Annuaire Bien-\u00eatre","description":"Annuaire des professionnels du bien-\u00eatre - Belgique &amp; France","publisher":{"@id":"https:\/\/www.livelyway.com\/experts\/#organization"},"potentialAction":[{"@type":"SearchAction","target":{"@type":"EntryPoint","urlTemplate":"https:\/\/www.livelyway.com\/experts\/?s={search_term_string}"},"query-input":{"@type":"PropertyValueSpecification","valueRequired":true,"valueName":"search_term_string"}}],"inLanguage":"fr-FR"},{"@type":"Organization","@id":"https:\/\/www.livelyway.com\/experts\/#organization","name":"Livelyway - Annuaire des professionnels du bien-\u00eatre","alternateName":"Livelyway","url":"https:\/\/www.livelyway.com\/experts\/","logo":{"@type":"ImageObject","inLanguage":"fr-FR","@id":"https:\/\/www.livelyway.com\/experts\/#\/schema\/logo\/image\/","url":"https:\/\/www.livelyway.com\/experts\/wp-content\/uploads\/2024\/12\/livelyway-logo.png","contentUrl":"https:\/\/www.livelyway.com\/experts\/wp-content\/uploads\/2024\/12\/livelyway-logo.png","width":237,"height":92,"caption":"Livelyway - Annuaire des professionnels du bien-\u00eatre"},"image":{"@id":"https:\/\/www.livelyway.com\/experts\/#\/schema\/logo\/image\/"}}]}},"jetpack_sharing_enabled":true,"_links":{"self":[{"href":"https:\/\/www.livelyway.com\/experts\/wp-json\/wp\/v2\/pages\/21","targetHints":{"allow":["GET"]}}],"collection":[{"href":"https:\/\/www.livelyway.com\/experts\/wp-json\/wp\/v2\/pages"}],"about":[{"href":"https:\/\/www.livelyway.com\/experts\/wp-json\/wp\/v2\/types\/page"}],"author":[{"embeddable":true,"href":"https:\/\/www.livelyway.com\/experts\/wp-json\/wp\/v2\/users\/1"}],"replies":[{"embeddable":true,"href":"https:\/\/www.livelyway.com\/experts\/wp-json\/wp\/v2\/comments?post=21"}],"version-history":[{"count":0,"href":"https:\/\/www.livelyway.com\/experts\/wp-json\/wp\/v2\/pages\/21\/revisions"}],"wp:attachment":[{"href":"https:\/\/www.livelyway.com\/experts\/wp-json\/wp\/v2\/media?parent=21"}],"curies":[{"name":"wp","href":"https:\/\/api.w.org\/{rel}","templated":true}]}}